{"id":19,"date":"2026-05-06T10:39:33","date_gmt":"2026-05-06T10:39:33","guid":{"rendered":"https:\/\/llarvida.cat\/testimonios\/"},"modified":"2026-05-06T11:11:32","modified_gmt":"2026-05-06T11:11:32","slug":"testimonios","status":"publish","type":"page","link":"https:\/\/llarvida.cat\/ca\/testimonios\/","title":{"rendered":"Testimonios"},"content":{"rendered":"<div class=\"wp-block-group alignfull is-style-ext-preset--group--natural-1--section has-background-background-color has-background has-global-padding is-layout-constrained wp-container-core-group-is-layout-e955bbaf wp-block-group-is-layout-constrained\" id=\"testimonios\" style=\"margin-top:0;margin-bottom:0;padding-top:var(--wp--preset--spacing--70);padding-bottom:var(--wp--preset--spacing--70)\">\n<div class=\"wp-block-group alignwide ext-is-logical-start has-global-padding is-content-justification-left is-layout-constrained wp-container-core-group-is-layout-20186816 wp-block-group-is-layout-constrained\">\n<h2 class=\"wp-block-heading ext-animate--on\">Testimonios y Opiniones de Clientes<\/h2>\n\n\n\n<p class=\"ext-animate--on\">En esta secci\u00f3n compartimos experiencias reales de usuarios que han confiado en Llarvida.cat y c\u00f3mo nuestras soluciones financieras les han brindado tranquilidad.<\/p>\n<\/div>\n\n\n\n<div class=\"wp-block-columns alignwide is-layout-flex wp-container-core-columns-is-layout-47c06fe3 wp-block-columns-is-layout-flex\">\n<div class=\"wp-block-column ext-animate--on is-layout-flow wp-block-column-is-layout-flow\">\n<div class=\"wp-block-group is-style-ext-preset--group--natural-1--item-card-1--align-start has-global-padding is-layout-constrained wp-block-group-is-layout-constrained is-style-ext-preset--group--natural-1--item-card-1--align-start--2\">\n<div class=\"wp-block-group is-style-default has-global-padding is-layout-constrained wp-block-group-is-layout-constrained\">\n<figure class=\"wp-block-image size-large wp-duotone-primary-foreground\"><img decoding=\"async\" src=\"data:image\/svg+xml;base64,PHN2ZyB3aWR0aD0iMTE2IiBoZWlnaHQ9IjE5IiB2aWV3Qm94PSIwIDAgMTE2IDE5IiBmaWxsPSJub25lIiB4bWxucz0iaHR0cDovL3d3dy53My5vcmcvMjAwMC9zdmciPgo8ZyBjbGlwLXBhdGg9InVybCgjY2xpcDBfMzAyXzE5MTQpIj4KPHBhdGggZD0iTTkuMDcwODggMC42MTIzNDNDOS40MTQ2MiAtMC4yMDQxMTUgMTAuNTg1NCAtMC4yMDQxMTQgMTAuOTI5MSAwLjYxMjM0NkwxMi45NTc5IDUuNDMxMjNDMTMuMTAyOSA1Ljc3NTQzIDEzLjQzMDYgNi4wMTA2MSAxMy44MDY3IDYuMDQwNEwxOS4wNzI3IDYuNDU3NDhDMTkuOTY0OSA2LjUyODE0IDIwLjMyNjcgNy42MjgxMyAxOS42NDY5IDguMjAzNEwxNS42MzQ4IDExLjU5ODdDMTUuMzQ4MiAxMS44NDEyIDE1LjIyMyAxMi4yMjE4IDE1LjMxMDYgMTIuNTg0M0wxNi41MzYzIDE3LjY2MUMxNi43NDQgMTguNTIxMSAxNS43OTY5IDE5LjIwMSAxNS4wMzMgMTguNzQwMUwxMC41MjQ1IDE2LjAxOTZDMTAuMjAyNSAxNS44MjUyIDkuNzk3NSAxNS44MjUyIDkuNDc1NDggMTYuMDE5Nkw0Ljk2Njk5IDE4Ljc0MDFDNC4yMDMxMSAxOS4yMDEgMy4yNTU5NiAxOC41MjExIDMuNDYzNjMgMTcuNjYxTDQuNjg5NDIgMTIuNTg0M0M0Ljc3Njk4IDEyLjIyMTggNC42NTE4MiAxMS44NDEyIDQuMzY1MjYgMTEuNTk4N0wwLjM1MzA2MiA4LjIwMzRDLTAuMzI2NzE4IDcuNjI4MTMgMC4wMzUwNjc5IDYuNTI4MTQgMC45MjcyOTEgNi40NTc0OEw2LjE5MzM2IDYuMDQwNEM2LjU2OTUgNi4wMTA2MSA2Ljg5NzE2IDUuNzc1NDMgNy4wNDIwNyA1LjQzMTIzTDkuMDcwODggMC42MTIzNDNaIiBmaWxsPSIjMjIyMjIyIi8+CjxwYXRoIGQ9Ik0zMy4wNzA5IDAuNjEyMzQzQzMzLjQxNDYgLTAuMjA0MTE1IDM0LjU4NTQgLTAuMjA0MTE0IDM0LjkyOTEgMC42MTIzNDZMMzYuOTU3OSA1LjQzMTIzQzM3LjEwMjkgNS43NzU0MyAzNy40MzA2IDYuMDEwNjEgMzcuODA2NyA2LjA0MDRMNDMuMDcyNyA2LjQ1NzQ4QzQzLjk2NDkgNi41MjgxNCA0NC4zMjY3IDcuNjI4MTMgNDMuNjQ2OSA4LjIwMzRMMzkuNjM0OCAxMS41OTg3QzM5LjM0ODIgMTEuODQxMiAzOS4yMjMgMTIuMjIxOCAzOS4zMTA2IDEyLjU4NDNMNDAuNTM2MyAxNy42NjFDNDAuNzQ0IDE4LjUyMTEgMzkuNzk2OSAxOS4yMDEgMzkuMDMzIDE4Ljc0MDFMMzQuNTI0NSAxNi4wMTk2QzM0LjIwMjUgMTUuODI1MiAzMy43OTc1IDE1LjgyNTIgMzMuNDc1NSAxNi4wMTk2TDI4Ljk2NyAxOC43NDAxQzI4LjIwMzEgMTkuMjAxIDI3LjI1NiAxOC41MjExIDI3LjQ2MzYgMTcuNjYxTDI4LjY4OTQgMTIuNTg0M0MyOC43NzcgMTIuMjIxOCAyOC42NTE4IDExLjg0MTIgMjguMzY1MyAxMS41OTg3TDI0LjM1MzEgOC4yMDM0QzIzLjY3MzMgNy42MjgxMyAyNC4wMzUxIDYuNTI4MTQgMjQuOTI3MyA2LjQ1NzQ4TDMwLjE5MzQgNi4wNDA0QzMwLjU2OTUgNi4wMTA2MSAzMC44OTcyIDUuNzc1NDMgMzEuMDQyMSA1LjQzMTIzTDMzLjA3MDkgMC42MTIzNDNaIiBmaWxsPSIjMjIyMjIyIi8+CjxwYXRoIGQ9Ik01Ny4wNzA5IDAuNjEyMzQzQzU3LjQxNDYgLTAuMjA0MTE1IDU4LjU4NTQgLTAuMjA0MTE0IDU4LjkyOTEgMC42MTIzNDZMNjAuOTU3OSA1LjQzMTIzQzYxLjEwMjkgNS43NzU0MyA2MS40MzA2IDYuMDEwNjEgNjEuODA2NyA2LjA0MDRMNjcuMDcyNyA2LjQ1NzQ4QzY3Ljk2NDkgNi41MjgxNCA2OC4zMjY3IDcuNjI4MTMgNjcuNjQ2OSA4LjIwMzRMNjMuNjM0OCAxMS41OTg3QzYzLjM0ODIgMTEuODQxMiA2My4yMjMgMTIuMjIxOCA2My4zMTA2IDEyLjU4NDNMNjQuNTM2MyAxNy42NjFDNjQuNzQ0IDE4LjUyMTEgNjMuNzk2OSAxOS4yMDEgNjMuMDMzIDE4Ljc0MDFMNTguNTI0NSAxNi4wMTk2QzU4LjIwMjUgMTUuODI1MiA1Ny43OTc1IDE1LjgyNTIgNTcuNDc1NSAxNi4wMTk2TDUyLjk2NyAxOC43NDAxQzUyLjIwMzEgMTkuMjAxIDUxLjI1NiAxOC41MjExIDUxLjQ2MzYgMTcuNjYxTDUyLjY4OTQgMTIuNTg0M0M1Mi43NzcgMTIuMjIxOCA1Mi42NTE4IDExLjg0MTIgNTIuMzY1MyAxMS41OTg3TDQ4LjM1MzEgOC4yMDM0QzQ3LjY3MzMgNy42MjgxMyA0OC4wMzUxIDYuNTI4MTQgNDguOTI3MyA2LjQ1NzQ4TDU0LjE5MzQgNi4wNDA0QzU0LjU2OTUgNi4wMTA2MSA1NC44OTcyIDUuNzc1NDMgNTUuMDQyMSA1LjQzMTIzTDU3LjA3MDkgMC42MTIzNDNaIiBmaWxsPSIjMjIyMjIyIi8+CjxwYXRoIGQ9Ik04MS4wNzA2IDAuNjEyMzQzQzgxLjQxNDQgLTAuMjA0MTE1IDgyLjU4NTEgLTAuMjA0MTE0IDgyLjkyODkgMC42MTIzNDZMODQuOTU3NiA1LjQzMTIzQzg1LjEwMjYgNS43NzU0MyA4NS40MzAzIDYuMDEwNjEgODUuODA2NCA2LjA0MDRMOTEuMDcyNCA2LjQ1NzQ4QzkxLjk2NDYgNi41MjgxNCA5Mi4zMjY0IDcuNjI4MTMgOTEuNjQ2NiA4LjIwMzRMODcuNjM0NSAxMS41OTg3Qzg3LjM0OCAxMS44NDEyIDg3LjIyMjggMTIuMjIxOCA4Ny4zMTAzIDEyLjU4NDNMODguNTM2MSAxNy42NjFDODguNzQzOCAxOC41MjExIDg3Ljc5NjYgMTkuMjAxIDg3LjAzMjggMTguNzQwMUw4Mi41MjQzIDE2LjAxOTZDODIuMjAyMyAxNS44MjUyIDgxLjc5NzMgMTUuODI1MiA4MS40NzUyIDE2LjAxOTZMNzYuOTY2NyAxOC43NDAxQzc2LjIwMjkgMTkuMjAxIDc1LjI1NTcgMTguNTIxMSA3NS40NjM0IDE3LjY2MUw3Ni42ODkyIDEyLjU4NDNDNzYuNzc2NyAxMi4yMjE4IDc2LjY1MTYgMTEuODQxMiA3Ni4zNjUgMTEuNTk4N0w3Mi4zNTI4IDguMjAzNEM3MS42NzMgNy42MjgxMyA3Mi4wMzQ4IDYuNTI4MTQgNzIuOTI3IDYuNDU3NDhMNzguMTkzMSA2LjA0MDRDNzguNTY5MyA2LjAxMDYxIDc4Ljg5NjkgNS43NzU0MyA3OS4wNDE4IDUuNDMxMjNMODEuMDcwNiAwLjYxMjM0M1oiIGZpbGw9IiMyMjIyMjIiLz4KPHBhdGggZD0iTTEwNS4wNzEgMC42MTIzNDNDMTA1LjQxNCAtMC4yMDQxMTUgMTA2LjU4NSAtMC4yMDQxMTQgMTA2LjkyOSAwLjYxMjM0NkwxMDguOTU4IDUuNDMxMjNDMTA5LjEwMyA1Ljc3NTQzIDEwOS40MyA2LjAxMDYxIDEwOS44MDYgNi4wNDA0TDExNS4wNzIgNi40NTc0OEMxMTUuOTY1IDYuNTI4MTQgMTE2LjMyNiA3LjYyODEzIDExNS42NDcgOC4yMDM0TDExMS42MzUgMTEuNTk4N0MxMTEuMzQ4IDExLjg0MTIgMTExLjIyMyAxMi4yMjE4IDExMS4zMSAxMi41ODQzTDExMi41MzYgMTcuNjYxQzExMi43NDQgMTguNTIxMSAxMTEuNzk3IDE5LjIwMSAxMTEuMDMzIDE4Ljc0MDFMMTA2LjUyNCAxNi4wMTk2QzEwNi4yMDIgMTUuODI1MiAxMDUuNzk3IDE1LjgyNTIgMTA1LjQ3NSAxNi4wMTk2TDEwMC45NjcgMTguNzQwMUMxMDAuMjAzIDE5LjIwMSA5OS4yNTU3IDE4LjUyMTEgOTkuNDYzNCAxNy42NjFMMTAwLjY4OSAxMi41ODQzQzEwMC43NzcgMTIuMjIxOCAxMDAuNjUyIDExLjg0MTIgMTAwLjM2NSAxMS41OTg3TDk2LjM1MjggOC4yMDM0Qzk1LjY3MyA3LjYyODEzIDk2LjAzNDggNi41MjgxNCA5Ni45MjcgNi40NTc0OEwxMDIuMTkzIDYuMDQwNEMxMDIuNTY5IDYuMDEwNjEgMTAyLjg5NyA1Ljc3NTQzIDEwMy4wNDIgNS40MzEyM0wxMDUuMDcxIDAuNjEyMzQzWiIgZmlsbD0iIzIyMjIyMiIvPgo8L2c+CjxkZWZzPgo8Y2xpcFBhdGggaWQ9ImNsaXAwXzMwMl8xOTE0Ij4KPHJlY3Qgd2lkdGg9IjExNiIgaGVpZ2h0PSIxOC44ODg5IiBmaWxsPSJ3aGl0ZSIvPgo8L2NsaXBQYXRoPgo8L2RlZnM+Cjwvc3ZnPgo=\" alt=\"\"\/><\/figure>\n\n\n\n<p style=\"margin-top:var(--wp--preset--spacing--30);margin-bottom:24px;font-size:clamp(14px, 0.875rem + ((1vw - 3.2px) * 0.417), 18px);\">Gracias a Llarvida.cat, pude asegurar mi estabilidad econ\u00f3mica sin dejar de disfrutar de mi hogar. Un servicio profesional y humano.<\/p>\n\n\n\n<div class=\"wp-block-group is-nowrap is-layout-flex wp-container-core-group-is-layout-e504371c wp-block-group-is-layout-flex\" style=\"padding-top:0;padding-right:0;padding-bottom:0;padding-left:0\">\n<div class=\"wp-block-group has-global-padding is-layout-constrained wp-container-core-group-is-layout-8d3fcc49 wp-block-group-is-layout-constrained\" style=\"padding-top:0;padding-right:0;padding-bottom:0;padding-left:0\">\n<figure class=\"wp-block-image aligncenter is-style-rounded\"><img loading=\"lazy\" decoding=\"async\" width=\"48\" height=\"48\" class=\"wp-image-36\" src=\"https:\/\/llarvida.cat\/wp-content\/uploads\/2026\/05\/c972b533584bb5f528690a71c4e98cb9d6ac3c0c.jpg\" alt=\"\" style=\"object-fit:cover\"\/><\/figure>\n<\/div>\n\n\n\n<div class=\"wp-block-group has-global-padding is-layout-constrained wp-container-core-group-is-layout-639b5052 wp-block-group-is-layout-constrained\" style=\"padding-top:0;padding-right:0;padding-bottom:0;padding-left:0\">\n<h4 class=\"wp-block-heading has-small-font-size\" style=\"font-style:normal;font-weight:600\">Mar\u00eda L\u00f3pez<\/h4>\n\n\n\n<p class=\"has-small-font-size\" style=\"margin-top:4px;margin-bottom:0\">Jubilada y usufructuaria satisfecha<\/p>\n<\/div>\n<\/div>\n<\/div>\n<\/div>\n<\/div>\n\n\n\n<div class=\"wp-block-column ext-animate--on is-layout-flow wp-block-column-is-layout-flow\">\n<div class=\"wp-block-group is-style-ext-preset--group--natural-1--item-card-1--align-start has-global-padding is-layout-constrained wp-block-group-is-layout-constrained is-style-ext-preset--group--natural-1--item-card-1--align-start--3\">\n<div class=\"wp-block-group is-style-default has-global-padding is-layout-constrained wp-block-group-is-layout-constrained\">\n<figure class=\"wp-block-image size-large wp-duotone-primary-foreground\"><img decoding=\"async\" src=\"data:image\/svg+xml;base64,PHN2ZyB3aWR0aD0iMTE2IiBoZWlnaHQ9IjE5IiB2aWV3Qm94PSIwIDAgMTE2IDE5IiBmaWxsPSJub25lIiB4bWxucz0iaHR0cDovL3d3dy53My5vcmcvMjAwMC9zdmciPgo8ZyBjbGlwLXBhdGg9InVybCgjY2xpcDBfMzAyXzE5MTQpIj4KPHBhdGggZD0iTTkuMDcwODggMC42MTIzNDNDOS40MTQ2MiAtMC4yMDQxMTUgMTAuNTg1NCAtMC4yMDQxMTQgMTAuOTI5MSAwLjYxMjM0NkwxMi45NTc5IDUuNDMxMjNDMTMuMTAyOSA1Ljc3NTQzIDEzLjQzMDYgNi4wMTA2MSAxMy44MDY3IDYuMDQwNEwxOS4wNzI3IDYuNDU3NDhDMTkuOTY0OSA2LjUyODE0IDIwLjMyNjcgNy42MjgxMyAxOS42NDY5IDguMjAzNEwxNS42MzQ4IDExLjU5ODdDMTUuMzQ4MiAxMS44NDEyIDE1LjIyMyAxMi4yMjE4IDE1LjMxMDYgMTIuNTg0M0wxNi41MzYzIDE3LjY2MUMxNi43NDQgMTguNTIxMSAxNS43OTY5IDE5LjIwMSAxNS4wMzMgMTguNzQwMUwxMC41MjQ1IDE2LjAxOTZDMTAuMjAyNSAxNS44MjUyIDkuNzk3NSAxNS44MjUyIDkuNDc1NDggMTYuMDE5Nkw0Ljk2Njk5IDE4Ljc0MDFDNC4yMDMxMSAxOS4yMDEgMy4yNTU5NiAxOC41MjExIDMuNDYzNjMgMTcuNjYxTDQuNjg5NDIgMTIuNTg0M0M0Ljc3Njk4IDEyLjIyMTggNC42NTE4MiAxMS44NDEyIDQuMzY1MjYgMTEuNTk4N0wwLjM1MzA2MiA4LjIwMzRDLTAuMzI2NzE4IDcuNjI4MTMgMC4wMzUwNjc5IDYuNTI4MTQgMC45MjcyOTEgNi40NTc0OEw2LjE5MzM2IDYuMDQwNEM2LjU2OTUgNi4wMTA2MSA2Ljg5NzE2IDUuNzc1NDMgNy4wNDIwNyA1LjQzMTIzTDkuMDcwODggMC42MTIzNDNaIiBmaWxsPSIjMjIyMjIyIi8+CjxwYXRoIGQ9Ik0zMy4wNzA5IDAuNjEyMzQzQzMzLjQxNDYgLTAuMjA0MTE1IDM0LjU4NTQgLTAuMjA0MTE0IDM0LjkyOTEgMC42MTIzNDZMMzYuOTU3OSA1LjQzMTIzQzM3LjEwMjkgNS43NzU0MyAzNy40MzA2IDYuMDEwNjEgMzcuODA2NyA2LjA0MDRMNDMuMDcyNyA2LjQ1NzQ4QzQzLjk2NDkgNi41MjgxNCA0NC4zMjY3IDcuNjI4MTMgNDMuNjQ2OSA4LjIwMzRMMzkuNjM0OCAxMS41OTg3QzM5LjM0ODIgMTEuODQxMiAzOS4yMjMgMTIuMjIxOCAzOS4zMTA2IDEyLjU4NDNMNDAuNTM2MyAxNy42NjFDNDAuNzQ0IDE4LjUyMTEgMzkuNzk2OSAxOS4yMDEgMzkuMDMzIDE4Ljc0MDFMMzQuNTI0NSAxNi4wMTk2QzM0LjIwMjUgMTUuODI1MiAzMy43OTc1IDE1LjgyNTIgMzMuNDc1NSAxNi4wMTk2TDI4Ljk2NyAxOC43NDAxQzI4LjIwMzEgMTkuMjAxIDI3LjI1NiAxOC41MjExIDI3LjQ2MzYgMTcuNjYxTDI4LjY4OTQgMTIuNTg0M0MyOC43NzcgMTIuMjIxOCAyOC42NTE4IDExLjg0MTIgMjguMzY1MyAxMS41OTg3TDI0LjM1MzEgOC4yMDM0QzIzLjY3MzMgNy42MjgxMyAyNC4wMzUxIDYuNTI4MTQgMjQuOTI3MyA2LjQ1NzQ4TDMwLjE5MzQgNi4wNDA0QzMwLjU2OTUgNi4wMTA2MSAzMC44OTcyIDUuNzc1NDMgMzEuMDQyMSA1LjQzMTIzTDMzLjA3MDkgMC42MTIzNDNaIiBmaWxsPSIjMjIyMjIyIi8+CjxwYXRoIGQ9Ik01Ny4wNzA5IDAuNjEyMzQzQzU3LjQxNDYgLTAuMjA0MTE1IDU4LjU4NTQgLTAuMjA0MTE0IDU4LjkyOTEgMC42MTIzNDZMNjAuOTU3OSA1LjQzMTIzQzYxLjEwMjkgNS43NzU0MyA2MS40MzA2IDYuMDEwNjEgNjEuODA2NyA2LjA0MDRMNjcuMDcyNyA2LjQ1NzQ4QzY3Ljk2NDkgNi41MjgxNCA2OC4zMjY3IDcuNjI4MTMgNjcuNjQ2OSA4LjIwMzRMNjMuNjM0OCAxMS41OTg3QzYzLjM0ODIgMTEuODQxMiA2My4yMjMgMTIuMjIxOCA2My4zMTA2IDEyLjU4NDNMNjQuNTM2MyAxNy42NjFDNjQuNzQ0IDE4LjUyMTEgNjMuNzk2OSAxOS4yMDEgNjMuMDMzIDE4Ljc0MDFMNTguNTI0NSAxNi4wMTk2QzU4LjIwMjUgMTUuODI1MiA1Ny43OTc1IDE1LjgyNTIgNTcuNDc1NSAxNi4wMTk2TDUyLjk2NyAxOC43NDAxQzUyLjIwMzEgMTkuMjAxIDUxLjI1NiAxOC41MjExIDUxLjQ2MzYgMTcuNjYxTDUyLjY4OTQgMTIuNTg0M0M1Mi43NzcgMTIuMjIxOCA1Mi42NTE4IDExLjg0MTIgNTIuMzY1MyAxMS41OTg3TDQ4LjM1MzEgOC4yMDM0QzQ3LjY3MzMgNy42MjgxMyA0OC4wMzUxIDYuNTI4MTQgNDguOTI3MyA2LjQ1NzQ4TDU0LjE5MzQgNi4wNDA0QzU0LjU2OTUgNi4wMTA2MSA1NC44OTcyIDUuNzc1NDMgNTUuMDQyMSA1LjQzMTIzTDU3LjA3MDkgMC42MTIzNDNaIiBmaWxsPSIjMjIyMjIyIi8+CjxwYXRoIGQ9Ik04MS4wNzA2IDAuNjEyMzQzQzgxLjQxNDQgLTAuMjA0MTE1IDgyLjU4NTEgLTAuMjA0MTE0IDgyLjkyODkgMC42MTIzNDZMODQuOTU3NiA1LjQzMTIzQzg1LjEwMjYgNS43NzU0MyA4NS40MzAzIDYuMDEwNjEgODUuODA2NCA2LjA0MDRMOTEuMDcyNCA2LjQ1NzQ4QzkxLjk2NDYgNi41MjgxNCA5Mi4zMjY0IDcuNjI4MTMgOTEuNjQ2NiA4LjIwMzRMODcuNjM0NSAxMS41OTg3Qzg3LjM0OCAxMS44NDEyIDg3LjIyMjggMTIuMjIxOCA4Ny4zMTAzIDEyLjU4NDNMODguNTM2MSAxNy42NjFDODguNzQzOCAxOC41MjExIDg3Ljc5NjYgMTkuMjAxIDg3LjAzMjggMTguNzQwMUw4Mi41MjQzIDE2LjAxOTZDODIuMjAyMyAxNS44MjUyIDgxLjc5NzMgMTUuODI1MiA4MS40NzUyIDE2LjAxOTZMNzYuOTY2NyAxOC43NDAxQzc2LjIwMjkgMTkuMjAxIDc1LjI1NTcgMTguNTIxMSA3NS40NjM0IDE3LjY2MUw3Ni42ODkyIDEyLjU4NDNDNzYuNzc2NyAxMi4yMjE4IDc2LjY1MTYgMTEuODQxMiA3Ni4zNjUgMTEuNTk4N0w3Mi4zNTI4IDguMjAzNEM3MS42NzMgNy42MjgxMyA3Mi4wMzQ4IDYuNTI4MTQgNzIuOTI3IDYuNDU3NDhMNzguMTkzMSA2LjA0MDRDNzguNTY5MyA2LjAxMDYxIDc4Ljg5NjkgNS43NzU0MyA3OS4wNDE4IDUuNDMxMjNMODEuMDcwNiAwLjYxMjM0M1oiIGZpbGw9IiMyMjIyMjIiLz4KPHBhdGggZD0iTTEwNS4wNzEgMC42MTIzNDNDMTA1LjQxNCAtMC4yMDQxMTUgMTA2LjU4NSAtMC4yMDQxMTQgMTA2LjkyOSAwLjYxMjM0NkwxMDguOTU4IDUuNDMxMjNDMTA5LjEwMyA1Ljc3NTQzIDEwOS40MyA2LjAxMDYxIDEwOS44MDYgNi4wNDA0TDExNS4wNzIgNi40NTc0OEMxMTUuOTY1IDYuNTI4MTQgMTE2LjMyNiA3LjYyODEzIDExNS42NDcgOC4yMDM0TDExMS42MzUgMTEuNTk4N0MxMTEuMzQ4IDExLjg0MTIgMTExLjIyMyAxMi4yMjE4IDExMS4zMSAxMi41ODQzTDExMi41MzYgMTcuNjYxQzExMi43NDQgMTguNTIxMSAxMTEuNzk3IDE5LjIwMSAxMTEuMDMzIDE4Ljc0MDFMMTA2LjUyNCAxNi4wMTk2QzEwNi4yMDIgMTUuODI1MiAxMDUuNzk3IDE1LjgyNTIgMTA1LjQ3NSAxNi4wMTk2TDEwMC45NjcgMTguNzQwMUMxMDAuMjAzIDE5LjIwMSA5OS4yNTU3IDE4LjUyMTEgOTkuNDYzNCAxNy42NjFMMTAwLjY4OSAxMi41ODQzQzEwMC43NzcgMTIuMjIxOCAxMDAuNjUyIDExLjg0MTIgMTAwLjM2NSAxMS41OTg3TDk2LjM1MjggOC4yMDM0Qzk1LjY3MyA3LjYyODEzIDk2LjAzNDggNi41MjgxNCA5Ni45MjcgNi40NTc0OEwxMDIuMTkzIDYuMDQwNEMxMDIuNTY5IDYuMDEwNjEgMTAyLjg5NyA1Ljc3NTQzIDEwMy4wNDIgNS40MzEyM0wxMDUuMDcxIDAuNjEyMzQzWiIgZmlsbD0iIzIyMjIyMiIvPgo8L2c+CjxkZWZzPgo8Y2xpcFBhdGggaWQ9ImNsaXAwXzMwMl8xOTE0Ij4KPHJlY3Qgd2lkdGg9IjExNiIgaGVpZ2h0PSIxOC44ODg5IiBmaWxsPSJ3aGl0ZSIvPgo8L2NsaXBQYXRoPgo8L2RlZnM+Cjwvc3ZnPgo=\" alt=\"\"\/><\/figure>\n\n\n\n<p style=\"margin-top:var(--wp--preset--spacing--30);margin-bottom:24px;font-size:clamp(14px, 0.875rem + ((1vw - 3.2px) * 0.417), 18px);\">El equipo de Llarvida.cat nos ofreci\u00f3 una gesti\u00f3n impecable y transparente que nos permiti\u00f3 vivir tranquilos y con ingresos constantes.<\/p>\n\n\n\n<div class=\"wp-block-group is-nowrap is-layout-flex wp-container-core-group-is-layout-e504371c wp-block-group-is-layout-flex\" style=\"padding-top:0;padding-right:0;padding-bottom:0;padding-left:0\">\n<div class=\"wp-block-group has-global-padding is-layout-constrained wp-container-core-group-is-layout-fe9d9fd4 wp-block-group-is-layout-constrained\" style=\"padding-top:0;padding-right:0;padding-bottom:0;padding-left:0\">\n<figure class=\"wp-block-image aligncenter is-style-rounded\"><img loading=\"lazy\" decoding=\"async\" width=\"48\" height=\"48\" class=\"wp-image-37\" src=\"https:\/\/llarvida.cat\/wp-content\/uploads\/2026\/05\/7eb4ef9a68feff39027046fe0fee04f45441286b.jpg\" alt=\"\" style=\"object-fit:cover\"\/><\/figure>\n<\/div>\n\n\n\n<div class=\"wp-block-group has-global-padding is-layout-constrained wp-container-core-group-is-layout-639b5052 wp-block-group-is-layout-constrained\" style=\"padding-top:0;padding-right:0;padding-bottom:0;padding-left:0\">\n<h4 class=\"wp-block-heading has-small-font-size\" style=\"font-style:normal;font-weight:600\">Carlos Mart\u00ednez<\/h4>\n\n\n\n<p class=\"has-small-font-size\" style=\"margin-top:4px;margin-bottom:0\">Asesor financiero especializado en nuda propiedad<\/p>\n<\/div>\n<\/div>\n<\/div>\n<\/div>\n<\/div>\n<\/div>\n<\/div>\n\n<div class=\"wp-block-group alignfull is-style-ext-preset--group--natural-1--section has-tertiary-background-color has-background has-global-padding is-layout-constrained wp-container-core-group-is-layout-e955bbaf wp-block-group-is-layout-constrained\" style=\"margin-top:0;margin-bottom:0;padding-top:var(--wp--preset--spacing--70);padding-bottom:var(--wp--preset--spacing--70)\">\n<div class=\"wp-block-group alignwide ext-is-logical-start has-global-padding is-content-justification-left is-layout-constrained wp-container-core-group-is-layout-6729bdbe wp-block-group-is-layout-constrained\">\n<h2 class=\"wp-block-heading ext-animate--on\">Testimonios de confianza<\/h2>\n\n\n\n<p class=\"has-text-align-left ext-animate--on\">Descubre las experiencias reales de quienes han encontrado estabilidad financiera y tranquilidad con Llarvida.cat.<\/p>\n<\/div>\n\n\n\n<div class=\"wp-block-columns alignwide is-layout-flex wp-container-core-columns-is-layout-08c01c1c wp-block-columns-is-layout-flex\">\n<div class=\"wp-block-column ext-animate--on is-layout-flow wp-block-column-is-layout-flow\">\n<div class=\"wp-block-group is-style-ext-preset--group--natural-1--item-card-1--align-start has-global-padding is-layout-constrained wp-block-group-is-layout-constrained is-style-ext-preset--group--natural-1--item-card-1--align-start--5\">\n<div class=\"wp-block-group is-style-default has-global-padding is-layout-constrained wp-block-group-is-layout-constrained\">\n<figure class=\"wp-block-image size-large wp-duotone-primary-foreground\"><img decoding=\"async\" src=\"data:image\/svg+xml;base64,PHN2ZyB4bWxucz0iaHR0cDovL3d3dy53My5vcmcvMjAwMC9zdmciIHdpZHRoPSI0OCIgaGVpZ2h0PSI0OCIgZmlsbD0iIzAwMDAwMCIgdmlld0JveD0iMCAwIDI1NiAyNTYiPjxwYXRoIGQ9Ik0yMzIsNjRIMjA4VjQ4YTgsOCwwLDAsMC04LThINTZhOCw4LDAsMCwwLTgsOFY2NEgyNEExNiwxNiwwLDAsMCw4LDgwVjk2YTQwLDQwLDAsMCwwLDQwLDQwaDMuNjVBODAuMTMsODAuMTMsMCwwLDAsMTIwLDE5MS42MVYyMTZIOTZhOCw4LDAsMCwwLDAsMTZoNjRhOCw4LDAsMCwwLDAtMTZIMTM2VjE5MS41OGMzMS45NC0zLjIzLDU4LjQ0LTI1LjY0LDY4LjA4LTU1LjU4SDIwOGE0MCw0MCwwLDAsMCw0MC00MFY4MEExNiwxNiwwLDAsMCwyMzIsNjRaTTQ4LDEyMEEyNCwyNCwwLDAsMSwyNCw5NlY4MEg0OHYzMnEwLDQsLjM5LDhabTE0NC04LjljMCwzNS41Mi0yOSw2NC42NC02NCw2NC45YTY0LDY0LDAsMCwxLTY0LTY0VjU2SDE5MlpNMjMyLDk2YTI0LDI0LDAsMCwxLTI0LDI0aC0uNWE4MS44MSw4MS44MSwwLDAsMCwuNS04LjlWODBoMjRaIj48L3BhdGg+PC9zdmc+\" alt=\"\"\/><\/figure>\n\n\n\n<h3 class=\"wp-block-heading\">Testimonio de Mar\u00eda P.<\/h3>\n\n\n\n<p>Gracias a Llarvida.cat, puedo disfrutar de mi hogar y recibir un ingreso que me da seguridad cada mes.<\/p>\n<\/div>\n<\/div>\n<\/div>\n\n\n\n<div class=\"wp-block-column ext-animate--on is-layout-flow wp-block-column-is-layout-flow\">\n<div class=\"wp-block-group is-style-ext-preset--group--natural-1--item-card-1--align-start has-global-padding is-layout-constrained wp-block-group-is-layout-constrained is-style-ext-preset--group--natural-1--item-card-1--align-start--6\">\n<div class=\"wp-block-group is-style-default has-global-padding is-layout-constrained wp-block-group-is-layout-constrained\">\n<figure class=\"wp-block-image size-large wp-duotone-primary-foreground\"><img decoding=\"async\" src=\"data:image\/svg+xml;base64,PHN2ZyB4bWxucz0iaHR0cDovL3d3dy53My5vcmcvMjAwMC9zdmciIHdpZHRoPSI0OCIgaGVpZ2h0PSI0OCIgZmlsbD0iIzAwMDAwMCIgdmlld0JveD0iMCAwIDI1NiAyNTYiPjxwYXRoIGQ9Ik0yMTYsOTZBODgsODgsMCwxLDAsNzIsMTYzLjgzVjI0MGE4LDgsMCwwLDAsMTEuNTgsNy4xNkwxMjgsMjI1bDQ0LjQzLDIyLjIxQTguMDcsOC4wNywwLDAsMCwxNzYsMjQ4YTgsOCwwLDAsMCw4LThWMTYzLjgzQTg3Ljg1LDg3Ljg1LDAsMCwwLDIxNiw5NlpNNTYsOTZhNzIsNzIsMCwxLDEsNzIsNzJBNzIuMDgsNzIuMDgsMCwwLDEsNTYsOTZaTTE2OCwyMjcuMDZsLTM2LjQzLTE4LjIxYTgsOCwwLDAsMC03LjE2LDBMODgsMjI3LjA2VjE3NC4zN2E4Ny44OSw4Ny44OSwwLDAsMCw4MCwwWk0xMjgsMTUyQTU2LDU2LDAsMSwwLDcyLDk2LDU2LjA2LDU2LjA2LDAsMCwwLDEyOCwxNTJabTAtOTZBNDAsNDAsMCwxLDEsODgsOTYsNDAsNDAsMCwwLDEsMTI4LDU2WiI+PC9wYXRoPjwvc3ZnPg==\" alt=\"\"\/><\/figure>\n\n\n\n<h3 class=\"wp-block-heading\">Testimonio de Jos\u00e9 R.<\/h3>\n\n\n\n<p>El equipo de Llarvida.cat me explic\u00f3 todo con claridad y me ayud\u00f3 a tomar la mejor decisi\u00f3n para mi futuro.<\/p>\n<\/div>\n<\/div>\n<\/div>\n\n\n\n<div class=\"wp-block-column ext-animate--on is-layout-flow wp-block-column-is-layout-flow\">\n<div class=\"wp-block-group is-style-ext-preset--group--natural-1--item-card-1--align-start has-global-padding is-layout-constrained wp-block-group-is-layout-constrained is-style-ext-preset--group--natural-1--item-card-1--align-start--7\">\n<div class=\"wp-block-group is-style-default has-global-padding is-layout-constrained wp-block-group-is-layout-constrained\">\n<figure class=\"wp-block-image size-large wp-duotone-primary-foreground\"><img decoding=\"async\" src=\"data:image\/svg+xml;base64,PHN2ZyB4bWxucz0iaHR0cDovL3d3dy53My5vcmcvMjAwMC9zdmciIHdpZHRoPSI0OCIgaGVpZ2h0PSI0OCIgZmlsbD0iIzAwMDAwMCIgdmlld0JveD0iMCAwIDI1NiAyNTYiPjxwYXRoIGQ9Ik0xMjgsMTM2YTgsOCwwLDAsMS04LDhINzJhOCw4LDAsMCwxLDAtMTZoNDhBOCw4LDAsMCwxLDEyOCwxMzZabS04LTQwSDcyYTgsOCwwLDAsMCwwLDE2aDQ4YTgsOCwwLDAsMCwwLTE2Wm0xMTIsNjUuNDdWMjI0QTgsOCwwLDAsMSwyMjAsMjMxbC0yNC0xMy43NEwxNzIsMjMxQTgsOCwwLDAsMSwxNjAsMjI0VjIwMEg0MGExNiwxNiwwLDAsMS0xNi0xNlY1NkExNiwxNiwwLDAsMSw0MCw0MEgyMTZhMTYsMTYsMCwwLDEsMTYsMTZWODYuNTNhNTEuODgsNTEuODgsMCwwLDEsMCw3NC45NFpNMTYwLDE4NFYxNjEuNDdBNTIsNTIsMCwwLDEsMjE2LDc2VjU2SDQwVjE4NFptNTYtMTJhNTEuODgsNTEuODgsMCwwLDEtNDAsMHYzOC4yMmwxNi05LjE2YTgsOCwwLDAsMSw3Ljk0LDBsMTYsOS4xNlptMTYtNDhhMzYsMzYsMCwxLDAtMzYsMzZBMzYsMzYsMCwwLDAsMjMyLDEyNFoiPjwvcGF0aD48L3N2Zz4=\" alt=\"\"\/><\/figure>\n\n\n\n<h3 class=\"wp-block-heading\">Testimonio de Carmen L.<\/h3>\n\n\n\n<p>Su apoyo profesional me permiti\u00f3 mantener mi calidad de vida sin preocuparme por mis finanzas.<\/p>\n<\/div>\n<\/div>\n<\/div>\n<\/div>\n<\/div>\n\n<div class=\"wp-block-group alignfull is-style-ext-preset--group--natural-1--section has-background-background-color has-background has-global-padding is-layout-constrained wp-container-core-group-is-layout-e955bbaf wp-block-group-is-layout-constrained\" style=\"margin-top:0;margin-bottom:0;padding-top:var(--wp--preset--spacing--70);padding-bottom:var(--wp--preset--spacing--70)\">\n<div class=\"wp-block-media-text alignwide has-media-on-the-right is-stacked-on-mobile is-image-fill-element is-style-ext-preset--media-text--natural-1--card-1 ext-animate--on has-tertiary-background-color has-background is-style-ext-preset--media-text--natural-1--card-1--9\"><div class=\"wp-block-media-text__content\">\n<div class=\"wp-block-group alignwide is-vertical is-layout-flex wp-container-core-group-is-layout-53474e87 wp-block-group-is-layout-flex\" style=\"padding-top:var(--wp--preset--spacing--60);padding-bottom:var(--wp--preset--spacing--60)\">\n<div class=\"wp-block-group has-global-padding is-layout-constrained wp-container-core-group-is-layout-812d5580 wp-block-group-is-layout-constrained\" style=\"padding-top:0;padding-right:0;padding-bottom:0;padding-left:0\">\n<h2 class=\"wp-block-heading\">Conf\u00eda en Llarvida.cat para asegurar tu tranquilidad financiera.<\/h2>\n\n\n\n<p>Conoce c\u00f3mo nuestra experiencia en nuda propiedad puede ayudarte a mantener tu hogar mientras recibes ingresos seguros. Descubre los pasos para comenzar con nosotros.<\/p>\n<\/div>\n\n\n\n<div class=\"wp-block-buttons is-layout-flex wp-block-buttons-is-layout-flex\">\n<div class=\"wp-block-button is-style-ext-preset--button--natural-1--button-1 is-style-ext-preset--button--natural-1--button-1--10\"><a class=\"wp-block-button__link wp-element-button\" href=\"https:\/\/llarvida.cat\/ca\/servicios\/\">Descubre c\u00f3mo funciona<\/a><\/div>\n<\/div>\n<\/div>\n<\/div><figure class=\"wp-block-media-text__media\"><img loading=\"lazy\" decoding=\"async\" width=\"1440\" height=\"960\" class=\"wp-image-32 size-full\" src=\"https:\/\/llarvida.cat\/wp-content\/uploads\/2026\/05\/2f38708aa497999bb80767e64a773a8b01da395d.jpg\" alt=\"\" style=\"object-position:50% 50%\" srcset=\"https:\/\/llarvida.cat\/wp-content\/uploads\/2026\/05\/2f38708aa497999bb80767e64a773a8b01da395d.jpg 1440w, https:\/\/llarvida.cat\/wp-content\/uploads\/2026\/05\/2f38708aa497999bb80767e64a773a8b01da395d-300x200.jpg 300w, https:\/\/llarvida.cat\/wp-content\/uploads\/2026\/05\/2f38708aa497999bb80767e64a773a8b01da395d-1024x683.jpg 1024w, https:\/\/llarvida.cat\/wp-content\/uploads\/2026\/05\/2f38708aa497999bb80767e64a773a8b01da395d-768x512.jpg 768w\" sizes=\"auto, (max-width: 1440px) 100vw, 1440px\" \/><\/figure><\/div>\n<\/div>","protected":false},"excerpt":{"rendered":"<p>Testimonios y Opiniones de Clientes En esta secci\u00f3n compartimos experiencias reales de usuarios que han confiado en Llarvida.cat y c\u00f3mo nuestras soluciones financieras les han brindado tranquilidad. Gracias a Llarvida.cat, pude asegurar mi estabilidad econ\u00f3mica sin dejar de disfrutar de mi hogar. Un servicio profesional y humano. Mar\u00eda L\u00f3pez Jubilada y usufructuaria satisfecha El equipo [&hellip;]<\/p>\n","protected":false},"author":1,"featured_media":0,"parent":0,"menu_order":0,"comment_status":"closed","ping_status":"closed","template":"page-with-title","meta":{"footnotes":""},"class_list":["post-19","page","type-page","status-publish","hentry"],"_links":{"self":[{"href":"https:\/\/llarvida.cat\/ca\/wp-json\/wp\/v2\/pages\/19","targetHints":{"allow":["GET"]}}],"collection":[{"href":"https:\/\/llarvida.cat\/ca\/wp-json\/wp\/v2\/pages"}],"about":[{"href":"https:\/\/llarvida.cat\/ca\/wp-json\/wp\/v2\/types\/page"}],"author":[{"embeddable":true,"href":"https:\/\/llarvida.cat\/ca\/wp-json\/wp\/v2\/users\/1"}],"replies":[{"embeddable":true,"href":"https:\/\/llarvida.cat\/ca\/wp-json\/wp\/v2\/comments?post=19"}],"version-history":[{"count":2,"href":"https:\/\/llarvida.cat\/ca\/wp-json\/wp\/v2\/pages\/19\/revisions"}],"predecessor-version":[{"id":45,"href":"https:\/\/llarvida.cat\/ca\/wp-json\/wp\/v2\/pages\/19\/revisions\/45"}],"wp:attachment":[{"href":"https:\/\/llarvida.cat\/ca\/wp-json\/wp\/v2\/media?parent=19"}],"curies":[{"name":"wp","href":"https:\/\/api.w.org\/{rel}","templated":true}]}}